{"id":1210,"date":"2025-01-23T15:24:48","date_gmt":"2025-01-23T14:24:48","guid":{"rendered":"https:\/\/yellow-parc.fr\/?page_id=1210"},"modified":"2025-12-09T09:09:54","modified_gmt":"2025-12-09T08:09:54","slug":"le-parc","status":"publish","type":"page","link":"https:\/\/yellow-parc.fr\/index.php\/le-parc\/","title":{"rendered":"Le parc"},"content":{"rendered":"\t\t<div data-elementor-type=\"wp-page\" data-elementor-id=\"1210\" class=\"elementor elementor-1210\">\n\t\t\t\t\t\t<section class=\"elementor-section elementor-top-section elementor-element elementor-element-283a5d49 elementor-section-boxed elementor-section-height-default elementor-section-height-default\" data-id=\"283a5d49\" data-element_type=\"section\" data-settings=\"{&quot;background_background&quot;:&quot;classic&quot;}\">\n\t\t\t\t\t\t\t<div class=\"elementor-background-overlay\"><\/div>\n\t\t\t\t\t\t\t<div class=\"elementor-container elementor-column-gap-default\">\n\t\t\t\t\t<div class=\"elementor-column elementor-col-100 elementor-top-column elementor-element elementor-element-21784945\" data-id=\"21784945\" data-element_type=\"column\">\n\t\t\t<div class=\"elementor-widget-wrap elementor-element-populated\">\n\t\t\t\t\t\t<section class=\"elementor-section elementor-inner-section elementor-element elementor-element-41bcc0df elementor-section-boxed elementor-section-height-default elementor-section-height-default\" data-id=\"41bcc0df\" data-element_type=\"section\">\n\t\t\t\t\t\t<div class=\"elementor-container elementor-column-gap-default\">\n\t\t\t\t\t<div class=\"elementor-column elementor-col-50 elementor-inner-column elementor-element elementor-element-6e969858\" data-id=\"6e969858\" data-element_type=\"column\" data-settings=\"{&quot;background_background&quot;:&quot;classic&quot;}\">\n\t\t\t<div class=\"elementor-widget-wrap elementor-element-populated\">\n\t\t\t\t\t<div class=\"elementor-background-overlay\"><\/div>\n\t\t\t\t\t\t<div class=\"elementor-element elementor-element-4a89d9f elementor-widget elementor-widget-image\" data-id=\"4a89d9f\" data-element_type=\"widget\" data-widget_type=\"image.default\">\n\t\t\t\t<div class=\"elementor-widget-container\">\n\t\t\t\t\t\t\t\t\t\t\t\t\t\t\t<img fetchpriority=\"high\" decoding=\"async\" width=\"423\" height=\"423\" src=\"https:\/\/yellow-parc.fr\/wp-content\/uploads\/2025\/01\/Fichier-1.png\" class=\"attachment-large size-large wp-image-1040\" alt=\"\" srcset=\"https:\/\/yellow-parc.fr\/wp-content\/uploads\/2025\/01\/Fichier-1.png 423w, https:\/\/yellow-parc.fr\/wp-content\/uploads\/2025\/01\/Fichier-1-300x300.png 300w, https:\/\/yellow-parc.fr\/wp-content\/uploads\/2025\/01\/Fichier-1-150x150.png 150w\" sizes=\"(max-width: 423px) 100vw, 423px\" \/>\t\t\t\t\t\t\t\t\t\t\t\t\t\t\t<\/div>\n\t\t\t\t<\/div>\n\t\t\t\t\t<\/div>\n\t\t<\/div>\n\t\t\t\t<div class=\"elementor-column elementor-col-50 elementor-inner-column elementor-element elementor-element-7870c8e5\" data-id=\"7870c8e5\" data-element_type=\"column\">\n\t\t\t<div class=\"elementor-widget-wrap elementor-element-populated\">\n\t\t\t\t\t\t<div class=\"elementor-element elementor-element-5f100ed7 elementor-widget elementor-widget-heading\" data-id=\"5f100ed7\" data-element_type=\"widget\" data-widget_type=\"heading.default\">\n\t\t\t\t<div class=\"elementor-widget-container\">\n\t\t\t\t\t<h3 class=\"elementor-heading-title elementor-size-default\">D\u00e9couvrez notre<\/h3>\t\t\t\t<\/div>\n\t\t\t\t<\/div>\n\t\t\t\t<div class=\"elementor-element elementor-element-1b57dc21 elementor-widget elementor-widget-heading\" data-id=\"1b57dc21\" data-element_type=\"widget\" data-widget_type=\"heading.default\">\n\t\t\t\t<div class=\"elementor-widget-container\">\n\t\t\t\t\t<h2 class=\"elementor-heading-title elementor-size-default\">Parc<\/h2>\t\t\t\t<\/div>\n\t\t\t\t<\/div>\n\t\t\t\t<div class=\"elementor-element elementor-element-cb5045f elementor-widget elementor-widget-text-editor\" data-id=\"cb5045f\" data-element_type=\"widget\" data-widget_type=\"text-editor.default\">\n\t\t\t\t<div class=\"elementor-widget-container\">\n\t\t\t\t\t\t\t\t\t<p><strong>Yellow Parc<\/strong> vous offre une vari\u00e9t\u00e9 de magasins pour satisfaire tous vos besoins, que vous soyez \u00e0 la recherche de mode, de cuisine, de loisirs ou de services. Voici un aper\u00e7u des enseignes \u00e0 ne pas manquer dans notre centre commercial :<\/p><ul><li><strong>Electro D\u00e9p\u00f4t<\/strong><\/li><li><strong>Poltronesofa<\/strong><\/li><li><strong>Orchestra<\/strong><\/li><li><strong>Stokomani<\/strong><\/li><li><strong>Kisly<\/strong><\/li><li><strong>Tchip Coiffure<\/strong><\/li><li><strong>Ixina<\/strong><\/li><li><strong>R\u00e9f\u00e9rence Beaut\u00e9<\/strong><\/li><li><strong>Optical Center<\/strong><\/li><li><strong>France Attelage<\/strong><\/li><li><strong>Le Pilote<\/strong><\/li><li><strong>Mobalpa (f\u00e9vrier 2026)<\/strong><\/li><li><strong>Henri Boucher<\/strong><\/li><li><strong>Boulangerie Louise<\/strong><\/li><li><strong>Seigneurie Gauthier<\/strong><\/li><li><strong>Carter Cash<\/strong><\/li><li><strong>123 pare<br \/>Brise<\/strong><\/li><li><strong>Rigolo comme la vie<\/strong><\/li><\/ul><p>Venez d\u00e9couvrir notre centre et profitez des offres, promotions et \u00e9v\u00e9nements exclusifs propos\u00e9s par ces enseignes et bien d\u2019autres !<\/p>\t\t\t\t\t\t\t\t<\/div>\n\t\t\t\t<\/div>\n\t\t\t\t\t<\/div>\n\t\t<\/div>\n\t\t\t\t\t<\/div>\n\t\t<\/section>\n\t\t\t\t\t<\/div>\n\t\t<\/div>\n\t\t\t\t\t<\/div>\n\t\t<\/section>\n\t\t\t\t<\/div>\n\t\t","protected":false},"excerpt":{"rendered":"<p>D\u00e9couvrez notre Parc Yellow Parc vous offre une vari\u00e9t\u00e9 de magasins pour satisfaire tous vos besoins, que vous soyez \u00e0 la recherche de mode, de cuisine, de loisirs ou de services. Voici un aper\u00e7u des enseignes \u00e0 ne pas manquer dans notre centre commercial : Electro D\u00e9p\u00f4t Poltronesofa Orchestra Stokomani Kisly Tchip Coiffure Ixina R\u00e9f\u00e9rence<br \/><a class=\"moretag\" href=\"https:\/\/yellow-parc.fr\/index.php\/le-parc\/\">+ Read More<\/a><\/p>\n","protected":false},"author":1,"featured_media":0,"parent":0,"menu_order":0,"comment_status":"closed","ping_status":"closed","template":"templates\/elementor.php","meta":{"footnotes":""},"class_list":["post-1210","page","type-page","status-publish","hentry"],"_links":{"self":[{"href":"https:\/\/yellow-parc.fr\/index.php\/wp-json\/wp\/v2\/pages\/1210","targetHints":{"allow":["GET"]}}],"collection":[{"href":"https:\/\/yellow-parc.fr\/index.php\/wp-json\/wp\/v2\/pages"}],"about":[{"href":"https:\/\/yellow-parc.fr\/index.php\/wp-json\/wp\/v2\/types\/page"}],"author":[{"embeddable":true,"href":"https:\/\/yellow-parc.fr\/index.php\/wp-json\/wp\/v2\/users\/1"}],"replies":[{"embeddable":true,"href":"https:\/\/yellow-parc.fr\/index.php\/wp-json\/wp\/v2\/comments?post=1210"}],"version-history":[{"count":31,"href":"https:\/\/yellow-parc.fr\/index.php\/wp-json\/wp\/v2\/pages\/1210\/revisions"}],"predecessor-version":[{"id":1758,"href":"https:\/\/yellow-parc.fr\/index.php\/wp-json\/wp\/v2\/pages\/1210\/revisions\/1758"}],"wp:attachment":[{"href":"https:\/\/yellow-parc.fr\/index.php\/wp-json\/wp\/v2\/media?parent=1210"}],"curies":[{"name":"wp","href":"https:\/\/api.w.org\/{rel}","templated":true}]}}